{"id":1033,"date":"2021-05-03T17:52:39","date_gmt":"2021-05-03T17:52:39","guid":{"rendered":"https:\/\/ostgard.se\/home\/"},"modified":"2025-06-24T20:22:35","modified_gmt":"2025-06-24T20:22:35","slug":"home","status":"publish","type":"page","link":"https:\/\/ostgard.se\/en\/","title":{"rendered":"Home"},"content":{"rendered":"<p>[et_pb_section fb_built=&#8221;1&#8243; admin_label=&#8221;Header&#8221; _builder_version=&#8221;4.16&#8243; use_background_color_gradient=&#8221;on&#8221; background_color_gradient_direction=&#8221;178deg&#8221; background_color_gradient_stops=&#8221;rgba(255,255,255,0.4) 51%|#ffffff 85%&#8221; background_color_gradient_overlays_image=&#8221;on&#8221; background_color_gradient_start=&#8221;rgba(255,255,255,0.4)&#8221; background_color_gradient_start_position=&#8221;51%&#8221; background_color_gradient_end=&#8221;#ffffff&#8221; background_color_gradient_end_position=&#8221;85%&#8221; background_image=&#8221;https:\/\/ostgard.se\/wp-content\/uploads\/2021\/05\/IMG_20200722_112054-scaled.jpg&#8221; custom_margin=&#8221;||||false&#8221; custom_padding=&#8221;8vw||10vw||false|false&#8221; global_colors_info=&#8221;{}&#8221;][et_pb_row _builder_version=&#8221;4.16&#8243; custom_margin=&#8221;0px||||false|false&#8221; custom_padding=&#8221;0px||||false|false&#8221; global_colors_info=&#8221;{}&#8221;][et_pb_column type=&#8221;4_4&#8243; _builder_version=&#8221;4.16&#8243; custom_padding=&#8221;|||&#8221; global_colors_info=&#8221;{}&#8221; custom_padding__hover=&#8221;|||&#8221;][et_pb_text _builder_version=&#8221;4.16&#8243; text_font=&#8221;||||||||&#8221; ul_font=&#8221;||||||||&#8221; ol_font=&#8221;||||||||&#8221; header_font=&#8221;Montserrat|500||on|||||&#8221; header_font_size=&#8221;18px&#8221; header_letter_spacing=&#8221;5px&#8221; header_line_height=&#8221;1.5em&#8221; header_2_font=&#8221;Merriweather|||on|||||&#8221; header_2_font_size=&#8221;70px&#8221; header_2_letter_spacing=&#8221;5px&#8221; header_2_line_height=&#8221;1.4em&#8221; header_3_font=&#8221;||||||||&#8221; header_4_font=&#8221;||||||||&#8221; header_5_font=&#8221;||||||||&#8221; header_6_font=&#8221;||||||||&#8221; text_orientation=&#8221;center&#8221; custom_padding=&#8221;0px||||false|false&#8221; header_font_size_tablet=&#8221;&#8221; header_font_size_phone=&#8221;12px&#8221; header_font_size_last_edited=&#8221;on|desktop&#8221; header_2_font_size_tablet=&#8221;50px&#8221; header_2_font_size_phone=&#8221;30px&#8221; header_2_font_size_last_edited=&#8221;on|desktop&#8221; global_colors_info=&#8221;{}&#8221;]<\/p>\n<h1><span style=\"color: #144c00; font-size: x-large;\"><b>Lakene Ostg\u00e5rd<\/b><\/span><\/h1>\n<h2>Welcome<\/h2>\n<h1>Cheese dairy guest house caf\u00e9<\/h1>\n<p>[\/et_pb_text][\/et_pb_column][\/et_pb_row][\/et_pb_section][et_pb_section fb_built=&#8221;1&#8243; custom_padding_last_edited=&#8221;on|tablet&#8221; admin_label=&#8221;About Me&#8221; _builder_version=&#8221;4.17.1&#8243; background_color=&#8221;RGBA(0,0,0,0)&#8221; custom_padding=&#8221;10vw|0px|0vw|0px|false|false&#8221; custom_padding_tablet=&#8221;||10vw|&#8221; custom_padding_phone=&#8221;&#8221; top_divider_style=&#8221;triangle&#8221; top_divider_color=&#8221;#db62a7&#8243; top_divider_height=&#8221;4vw&#8221; top_divider_flip=&#8221;vertical&#8221; bottom_divider_style=&#8221;curve&#8221; bottom_divider_color=&#8221;#DB62A7&#8243; bottom_divider_height=&#8221;2vw&#8221; bottom_divider_repeat=&#8221;0.5x&#8221; global_colors_info=&#8221;{}&#8221;][et_pb_row column_structure=&#8221;1_2,1_2&#8243; _builder_version=&#8221;4.16&#8243; global_colors_info=&#8221;{}&#8221;][et_pb_column type=&#8221;1_2&#8243; _builder_version=&#8221;4.16&#8243; custom_padding=&#8221;|||&#8221; global_colors_info=&#8221;{}&#8221; custom_padding__hover=&#8221;|||&#8221;][et_pb_text _builder_version=&#8221;4.16&#8243; text_font=&#8221;||||||||&#8221; text_line_height=&#8221;2em&#8221; header_font=&#8221;||||||||&#8221; header_2_font=&#8221;Merriweather|700|||||||&#8221; header_2_font_size=&#8221;36px&#8221; header_2_line_height=&#8221;1.6em&#8221; header_2_font_size_tablet=&#8221;&#8221; header_2_font_size_phone=&#8221;20px&#8221; header_2_font_size_last_edited=&#8221;on|phone&#8221; locked=&#8221;off&#8221; global_colors_info=&#8221;{}&#8221;]<\/p>\n<h2><span style=\"color: #333333;\">About Lakene <b>Ostg\u00e5rd<\/b><\/span><\/h2>\n<p><span>Ostg\u00e5rd means something like &#8220;cheese farm&#8221;.  <\/span><\/p>\n<p><span>Lakene Ostg\u00e5rd has been in Swiss hands since September 2021. Swiss making Dutch cheese in Sweden &#8211; <strong>an international treat!<\/strong> <\/span><\/p>\n<p><span>Not only the cheese is known here. In summer our farm caf\u00e9 is open, where our guests can enjoy homemade ice cream in addition to cheese. Then it is a little livelier with us, but in the other seasons a little quieter. However, our guest house can be rented all year round.  <\/span><\/p>\n<p><span>Our concern is that our guests from near and far feel comfortable with us. Hospitality is very important to us. We do everything we can to ensure that our visitors enjoy being here and are happy to come back. That they find what they are looking for &#8211; culinary delights and a place of well-being in the middle of the beautiful nature of V\u00e4rmland.  <\/span><\/p>\n<p><span>The landscape is characterized by the majestic flowing Klar\u00e4lven, which carries the meltwater from the Norwegian and Swedish mountain regions south to Lake V\u00e4nern. Everywhere you can fish, row, pick mushrooms and berries or meet the wild animals of the north.<\/span><\/p>\n<p><span>You forget that you can quickly reach Karlstad or Oslo on the long-distance roads, and Gothenburg is only 4 hours away. So there are plenty of opportunities to land here in the middle of the Wildmark within 1 to 4 hours from the ferry or airport.<\/span><\/p>\n<p>&nbsp;<\/p>\n<p>&nbsp;<\/p>\n<p>[\/et_pb_text][\/et_pb_column][et_pb_column type=&#8221;1_2&#8243; _builder_version=&#8221;4.16&#8243; custom_padding=&#8221;|||&#8221; global_colors_info=&#8221;{}&#8221; custom_padding__hover=&#8221;|||&#8221;][et_pb_image alt=&#8221;cow smells on cheese&#8221; title_text=&#8221;IMG-20200430-WA0012&#8243; align_tablet=&#8221;center&#8221; align_phone=&#8221;&#8221; align_last_edited=&#8221;on|desktop&#8221; _builder_version=&#8221;4.16.0&#8243; width=&#8221;82%&#8221; height=&#8221;40%&#8221; filter_saturate=&#8221;0%&#8221; animation_style=&#8221;zoom&#8221; animation_intensity_zoom=&#8221;10%&#8221; border_radii=&#8221;off|100%|100%|100%|100%&#8221; animation=&#8221;top&#8221; global_colors_info=&#8221;{}&#8221;][\/et_pb_image][et_pb_image src=&#8221;https:\/\/ostgard.se\/wp-content\/uploads\/2022\/04\/IMG-20200430-WA0012-scaled-e1649969698343.jpeg&#8221; alt=&#8221;cow smells on cheese&#8221; title_text=&#8221;IMG-20200430-WA0012&#8243; align_tablet=&#8221;center&#8221; align_phone=&#8221;&#8221; align_last_edited=&#8221;on|desktop&#8221; _builder_version=&#8221;4.16.0&#8243; background_enable_color=&#8221;off&#8221; width=&#8221;82%&#8221; height=&#8221;41.3%&#8221; filter_saturate=&#8221;117%&#8221; filter_brightness=&#8221;101%&#8221; filter_contrast=&#8221;132%&#8221; animation_style=&#8221;zoom&#8221; animation_intensity_zoom=&#8221;10%&#8221; border_radii=&#8221;off|100%|100%|100%|100%&#8221; animation=&#8221;top&#8221; global_colors_info=&#8221;{}&#8221;][\/et_pb_image][et_pb_image src=&#8221;https:\/\/ostgard.se\/wp-content\/uploads\/2024\/01\/DJI_0523-scaled.jpg&#8221; alt=&#8221;cow smells on cheese&#8221; title_text=&#8221;DCIM100MEDIADJI_0523.JPG&#8221; align_tablet=&#8221;center&#8221; align_phone=&#8221;&#8221; align_last_edited=&#8221;on|desktop&#8221; _builder_version=&#8221;4.23.4&#8243; width=&#8221;82%&#8221; height=&#8221;40%&#8221; filter_saturate=&#8221;130%&#8221; animation_style=&#8221;zoom&#8221; animation_intensity_zoom=&#8221;10%&#8221; hover_enabled=&#8221;0&#8243; border_radii=&#8221;off|100%|100%|100%|100%&#8221; animation=&#8221;top&#8221; global_colors_info=&#8221;{}&#8221; sticky_enabled=&#8221;0&#8243;][\/et_pb_image][et_pb_image src=&#8221;https:\/\/ostgard.se\/wp-content\/uploads\/2024\/01\/VS0p4LZOlv86W5Fo-scaled.jpg&#8221; alt=&#8221;cow smells on cheese&#8221; title_text=&#8221;DCIM100MEDIADJI_0546.JPG&#8221; align_tablet=&#8221;center&#8221; align_phone=&#8221;&#8221; align_last_edited=&#8221;on|desktop&#8221; _builder_version=&#8221;4.23.4&#8243; width=&#8221;82%&#8221; height=&#8221;40%&#8221; filter_saturate=&#8221;130%&#8221; animation_style=&#8221;zoom&#8221; animation_intensity_zoom=&#8221;10%&#8221; hover_enabled=&#8221;0&#8243; border_radii=&#8221;off|100%|100%|100%|100%&#8221; animation=&#8221;top&#8221; global_colors_info=&#8221;{}&#8221; sticky_enabled=&#8221;0&#8243;][\/et_pb_image][et_pb_image src=&#8221;https:\/\/ostgard.se\/wp-content\/uploads\/2022\/04\/Ortstafel.jpg&#8221; alt=&#8221;cow smells on cheese&#8221; title_text=&#8221;Place-name sign&#8221; align_tablet=&#8221;center&#8221; align_phone=&#8221;&#8221; align_last_edited=&#8221;on|desktop&#8221; _builder_version=&#8221;4.17.1&#8243; width=&#8221;82%&#8221; height=&#8221;40%&#8221; filter_saturate=&#8221;130%&#8221; animation_style=&#8221;zoom&#8221; animation_intensity_zoom=&#8221;10%&#8221; border_radii=&#8221;off|100%|100%|100%|100%&#8221; animation=&#8221;top&#8221; global_colors_info=&#8221;{}&#8221;][\/et_pb_image][\/et_pb_column][\/et_pb_row][et_pb_row column_structure=&#8221;1_3,1_3,1_3&#8243; _builder_version=&#8221;4.16.0&#8243; link_option_url=&#8221;https:\/\/ostgard.se\/en\/cheese\/&#8221; global_colors_info=&#8221;{}&#8221;][et_pb_column type=&#8221;1_3&#8243; _builder_version=&#8221;4.16&#8243; custom_padding=&#8221;|||&#8221; global_colors_info=&#8221;{}&#8221; custom_padding__hover=&#8221;|||&#8221;][et_pb_blurb title=&#8221;Cheese dairy&#8221; image_icon_width=&#8221;80px&#8221; _builder_version=&#8221;4.16.0&#8243; header_font=&#8221;Merriweather|700|||||||&#8221; header_line_height=&#8221;1.8em&#8221; body_font=&#8221;||||||||&#8221; body_font_size=&#8221;13px&#8221; body_line_height=&#8221;2em&#8221; background_color=&#8221;#ffffff&#8221; text_orientation=&#8221;center&#8221; custom_padding=&#8221;30px|30px|30px|30px|true|true&#8221; animation_style=&#8221;zoom&#8221; animation_intensity_zoom=&#8221;10%&#8221; border_radii=&#8221;on|10px|10px|10px|10px&#8221; border_radii_image=&#8221;on|100px|100px|100px|100px&#8221; box_shadow_style=&#8221;preset1&#8243; box_shadow_vertical=&#8221;10px&#8221; box_shadow_blur=&#8221;60px&#8221; box_shadow_color=&#8221;rgba(1,33,92,0.1)&#8221; box_shadow_style_image=&#8221;preset1&#8243; box_shadow_vertical_image=&#8221;10px&#8221; box_shadow_blur_image=&#8221;40px&#8221; box_shadow_spread_image=&#8221;-10px&#8221; box_shadow_color_image=&#8221;rgba(91,110,115,0.1)&#8221; image_max_width=&#8221;80px&#8221; locked=&#8221;off&#8221; global_colors_info=&#8221;{}&#8221;]<\/p>\n<p>Swiss making Dutch cheese in Sweden<\/p>\n<p> <strong>an international delight!<\/strong><\/p>\n<p>[\/et_pb_blurb][\/et_pb_column][et_pb_column type=&#8221;1_3&#8243; _builder_version=&#8221;4.16&#8243; custom_padding=&#8221;|||&#8221; global_colors_info=&#8221;{}&#8221; custom_padding__hover=&#8221;|||&#8221;][et_pb_blurb title=&#8221;Guest house&#8221; image_icon_width=&#8221;80px&#8221; _builder_version=&#8221;4.16.0&#8243; header_font=&#8221;Merriweather|700|||||||&#8221; header_line_height=&#8221;1.8em&#8221; body_font=&#8221;||||||||&#8221; body_font_size=&#8221;13px&#8221; body_line_height=&#8221;2em&#8221; background_color=&#8221;#ffffff&#8221; text_orientation=&#8221;center&#8221; custom_padding=&#8221;30px|30px|30px|30px|true|true&#8221; animation_style=&#8221;zoom&#8221; animation_intensity_zoom=&#8221;10%&#8221; link_option_url=&#8221;https:\/\/ostgard.se\/en\/guest-house\/&#8221; border_radii=&#8221;on|10px|10px|10px|10px&#8221; border_radii_image=&#8221;on|100px|100px|100px|100px&#8221; box_shadow_style=&#8221;preset1&#8243; box_shadow_vertical=&#8221;10px&#8221; box_shadow_blur=&#8221;60px&#8221; box_shadow_color=&#8221;rgba(1,33,92,0.1)&#8221; box_shadow_style_image=&#8221;preset1&#8243; box_shadow_vertical_image=&#8221;10px&#8221; box_shadow_blur_image=&#8221;40px&#8221; box_shadow_spread_image=&#8221;-10px&#8221; box_shadow_color_image=&#8221;rgba(91,110,115,0.1)&#8221; image_max_width=&#8221;80px&#8221; locked=&#8221;off&#8221; global_colors_info=&#8221;{}&#8221;]<\/p>\n<p>The cozy guest house has a large, bright kitchen, 2 Wc&#8217;s with shower, max. Sleeps 8 and can be rented easily throughout the year thanks to the new modern heating system.<\/p>\n<p>[\/et_pb_blurb][\/et_pb_column][et_pb_column type=&#8221;1_3&#8243; _builder_version=&#8221;4.16&#8243; custom_padding=&#8221;|||&#8221; global_colors_info=&#8221;{}&#8221; custom_padding__hover=&#8221;|||&#8221;][et_pb_blurb title=&#8221;Caf\u00e9&#8221; image_icon_width=&#8221;80px&#8221; _builder_version=&#8221;4.17.1&#8243; header_font=&#8221;Merriweather|700|||||||&#8221; header_line_height=&#8221;1.8em&#8221; body_font=&#8221;||||||||&#8221; body_font_size=&#8221;13px&#8221; body_line_height=&#8221;2em&#8221; background_color=&#8221;#ffffff&#8221; text_orientation=&#8221;center&#8221; custom_padding=&#8221;30px|30px|30px|30px|true|true&#8221; animation_style=&#8221;zoom&#8221; animation_intensity_zoom=&#8221;10%&#8221; link_option_url=&#8221;https:\/\/ostgard.se\/en\/cafe-shop\/&#8221; border_radii=&#8221;on|10px|10px|10px|10px&#8221; border_radii_image=&#8221;on|100px|100px|100px|100px&#8221; box_shadow_style=&#8221;preset1&#8243; box_shadow_vertical=&#8221;10px&#8221; box_shadow_blur=&#8221;60px&#8221; box_shadow_color=&#8221;rgba(1,33,92,0.1)&#8221; box_shadow_style_image=&#8221;preset1&#8243; box_shadow_vertical_image=&#8221;10px&#8221; box_shadow_blur_image=&#8221;40px&#8221; box_shadow_spread_image=&#8221;-10px&#8221; box_shadow_color_image=&#8221;rgba(91,110,115,0.1)&#8221; image_max_width=&#8221;80px&#8221; locked=&#8221;off&#8221; global_colors_info=&#8221;{}&#8221;]<\/p>\n<p><span>A meeting place and the heart of the farm life, especially in summer. Here you can learn more about our cheese, eat delicious ice cream, drink coffee and enjoy the time.<\/span><\/p>\n<p>[\/et_pb_blurb][\/et_pb_column][\/et_pb_row][\/et_pb_section][et_pb_section fb_built=&#8221;1&#8243; admin_label=&#8221;Call to Action&#8221; _builder_version=&#8221;4.16&#8243; background_enable_color=&#8221;off&#8221; background_color_gradient_direction=&#8221;1deg&#8221; background_image=&#8221;https:\/\/ostgard.se\/wp-content\/uploads\/2021\/05\/IMG_20200712_104843-scaled.jpg&#8221; global_colors_info=&#8221;{}&#8221;][et_pb_row _builder_version=&#8221;4.16&#8243; global_colors_info=&#8221;{}&#8221;][et_pb_column type=&#8221;4_4&#8243; _builder_version=&#8221;4.16&#8243; custom_padding=&#8221;|||&#8221; global_colors_info=&#8221;{}&#8221; custom_padding__hover=&#8221;|||&#8221;][et_pb_text _builder_version=&#8221;4.16&#8243; text_font=&#8221;||||||||&#8221; text_line_height=&#8221;2em&#8221; ul_font=&#8221;||||||||&#8221; ol_font=&#8221;||||||||&#8221; header_font=&#8221;||||||||&#8221; header_2_font=&#8221;||||||||&#8221; header_3_font=&#8221;Merriweather|700|||||||&#8221; header_3_font_size=&#8221;30px&#8221; header_3_line_height=&#8221;1.6em&#8221; header_4_font=&#8221;Merriweather|700|||||||&#8221; header_4_text_color=&#8221;#15c39a&#8221; header_4_line_height=&#8221;1.8em&#8221; header_5_font=&#8221;||||||||&#8221; header_6_font=&#8221;||||||||&#8221; text_orientation=&#8221;center&#8221; background_layout=&#8221;dark&#8221; max_width=&#8221;700px&#8221; module_alignment=&#8221;center&#8221; header_3_font_size_tablet=&#8221;&#8221; header_3_font_size_phone=&#8221;16px&#8221; header_3_font_size_last_edited=&#8221;on|desktop&#8221; header_4_font_size_tablet=&#8221;&#8221; header_4_font_size_phone=&#8221;14px&#8221; header_4_font_size_last_edited=&#8221;on|phone&#8221; locked=&#8221;off&#8221; global_colors_info=&#8221;{}&#8221;]<\/p>\n<h3>Recreation in nature?<\/h3>\n<h3>Rent our guest house.<\/h3>\n<p>&nbsp;<\/p>\n<p>[\/et_pb_text][\/et_pb_column][\/et_pb_row][et_pb_row _builder_version=&#8221;4.16&#8243; background_color=&#8221;#FFFFFF&#8221; max_width=&#8221;800px&#8221; border_radii=&#8221;on|30px|30px|30px|30px&#8221; use_custom_width=&#8221;on&#8221; custom_width_px=&#8221;800px&#8221; global_colors_info=&#8221;{}&#8221;][et_pb_column type=&#8221;4_4&#8243; _builder_version=&#8221;4.16&#8243; background_color=&#8221;RGBA(0,0,0,0)&#8221; custom_padding=&#8221;|||&#8221; global_colors_info=&#8221;{}&#8221; custom_padding__hover=&#8221;|||&#8221;][et_pb_text _builder_version=&#8221;4.16&#8243; _module_preset=&#8221;default&#8221; global_colors_info=&#8221;{}&#8221;]<\/p>\n<h2 style=\"text-align: center;\">Guest house<\/h2>\n<p style=\"text-align: center;\">Check availability here and book your stay today<\/p>\n<pre><\/pre>\n<p>[\/et_pb_text][et_pb_button button_url=&#8221;https:\/\/ostgard.se\/en\/guest-house\/#belegung&#8221; button_text=&#8221;Availability&#8221; button_alignment=&#8221;center&#8221; _builder_version=&#8221;4.17.1&#8243; _module_preset=&#8221;default&#8221; custom_button=&#8221;on&#8221; button_text_color=&#8221;#144C00&#8243; global_colors_info=&#8221;{}&#8221;][\/et_pb_button][\/et_pb_column][\/et_pb_row][\/et_pb_section]<\/p>\n","protected":false},"excerpt":{"rendered":"<p>Lakene Ostg\u00e5rd Welcome Cheese dairy guest house caf\u00e9About Lakene Ostg\u00e5rd Ostg\u00e5rd means something like &#8220;cheese farm&#8221;. Lakene Ostg\u00e5rd has been in Swiss hands since September 2021. Swiss making Dutch cheese in Sweden &#8211; an international treat! Not only the cheese is known here. In summer our farm caf\u00e9 is open, where our guests can enjoy [&hellip;]<\/p>\n","protected":false},"author":1,"featured_media":0,"parent":0,"menu_order":0,"comment_status":"closed","ping_status":"closed","template":"","meta":{"_et_pb_use_builder":"on","_et_pb_old_content":"","_et_gb_content_width":"","footnotes":""},"class_list":["post-1033","page","type-page","status-publish","hentry"],"yoast_head":"<!-- This site is optimized with the Yoast SEO plugin v27.6 - https:\/\/yoast.com\/product\/yoast-seo-wordpress\/ -->\n<title>Home - Lakene Ostg\u00e5rd<\/title>\n<meta name=\"robots\" content=\"index, follow, max-snippet:-1, max-image-preview:large, max-video-preview:-1\" \/>\n<link rel=\"canonical\" href=\"https:\/\/ostgard.se\/en\/\" \/>\n<meta property=\"og:locale\" content=\"en_US\" \/>\n<meta property=\"og:type\" content=\"article\" \/>\n<meta property=\"og:title\" content=\"Home - Lakene Ostg\u00e5rd\" \/>\n<meta property=\"og:description\" content=\"Lakene Ostg\u00e5rd Welcome Cheese dairy guest house caf\u00e9About Lakene Ostg\u00e5rd Ostg\u00e5rd means something like &quot;cheese farm&quot;. Lakene Ostg\u00e5rd has been in Swiss hands since September 2021. Swiss making Dutch cheese in Sweden - an international treat! Not only the cheese is known here. In summer our farm caf\u00e9 is open, where our guests can enjoy [&hellip;]\" \/>\n<meta property=\"og:url\" content=\"https:\/\/ostgard.se\/en\/\" \/>\n<meta property=\"og:site_name\" content=\"Lakene Ostg\u00e5rd\" \/>\n<meta property=\"article:modified_time\" content=\"2025-06-24T20:22:35+00:00\" \/>\n<meta name=\"twitter:card\" content=\"summary_large_image\" \/>\n<meta name=\"twitter:label1\" content=\"Est. reading time\" \/>\n\t<meta name=\"twitter:data1\" content=\"9 minutes\" \/>\n<script type=\"application\/ld+json\" class=\"yoast-schema-graph\">{\"@context\":\"https:\\\/\\\/schema.org\",\"@graph\":[{\"@type\":\"WebPage\",\"@id\":\"https:\\\/\\\/ostgard.se\\\/en\\\/\",\"url\":\"https:\\\/\\\/ostgard.se\\\/en\\\/\",\"name\":\"Home - Lakene Ostg\u00e5rd\",\"isPartOf\":{\"@id\":\"https:\\\/\\\/ostgard.se\\\/en\\\/#website\"},\"datePublished\":\"2021-05-03T17:52:39+00:00\",\"dateModified\":\"2025-06-24T20:22:35+00:00\",\"breadcrumb\":{\"@id\":\"https:\\\/\\\/ostgard.se\\\/en\\\/#breadcrumb\"},\"inLanguage\":\"en-US\",\"potentialAction\":[{\"@type\":\"ReadAction\",\"target\":[\"https:\\\/\\\/ostgard.se\\\/en\\\/\"]}]},{\"@type\":\"BreadcrumbList\",\"@id\":\"https:\\\/\\\/ostgard.se\\\/en\\\/#breadcrumb\",\"itemListElement\":[{\"@type\":\"ListItem\",\"position\":1,\"name\":\"Startseite\",\"item\":\"https:\\\/\\\/ostgard.se\\\/en\\\/home\\\/\"},{\"@type\":\"ListItem\",\"position\":2,\"name\":\"Home\"}]},{\"@type\":\"WebSite\",\"@id\":\"https:\\\/\\\/ostgard.se\\\/en\\\/#website\",\"url\":\"https:\\\/\\\/ostgard.se\\\/en\\\/\",\"name\":\"Lakene Ostg\u00e5rd\",\"description\":\"K\u00e4serei, Caf\u00e9 und G\u00e4stehaus\",\"potentialAction\":[{\"@type\":\"SearchAction\",\"target\":{\"@type\":\"EntryPoint\",\"urlTemplate\":\"https:\\\/\\\/ostgard.se\\\/en\\\/?s={search_term_string}\"},\"query-input\":{\"@type\":\"PropertyValueSpecification\",\"valueRequired\":true,\"valueName\":\"search_term_string\"}}],\"inLanguage\":\"en-US\"}]}<\/script>\n<!-- \/ Yoast SEO plugin. -->","yoast_head_json":{"title":"Home - Lakene Ostg\u00e5rd","robots":{"index":"index","follow":"follow","max-snippet":"max-snippet:-1","max-image-preview":"max-image-preview:large","max-video-preview":"max-video-preview:-1"},"canonical":"https:\/\/ostgard.se\/en\/","og_locale":"en_US","og_type":"article","og_title":"Home - Lakene Ostg\u00e5rd","og_description":"Lakene Ostg\u00e5rd Welcome Cheese dairy guest house caf\u00e9About Lakene Ostg\u00e5rd Ostg\u00e5rd means something like \"cheese farm\". Lakene Ostg\u00e5rd has been in Swiss hands since September 2021. Swiss making Dutch cheese in Sweden - an international treat! Not only the cheese is known here. In summer our farm caf\u00e9 is open, where our guests can enjoy [&hellip;]","og_url":"https:\/\/ostgard.se\/en\/","og_site_name":"Lakene Ostg\u00e5rd","article_modified_time":"2025-06-24T20:22:35+00:00","twitter_card":"summary_large_image","twitter_misc":{"Est. reading time":"9 minutes"},"schema":{"@context":"https:\/\/schema.org","@graph":[{"@type":"WebPage","@id":"https:\/\/ostgard.se\/en\/","url":"https:\/\/ostgard.se\/en\/","name":"Home - Lakene Ostg\u00e5rd","isPartOf":{"@id":"https:\/\/ostgard.se\/en\/#website"},"datePublished":"2021-05-03T17:52:39+00:00","dateModified":"2025-06-24T20:22:35+00:00","breadcrumb":{"@id":"https:\/\/ostgard.se\/en\/#breadcrumb"},"inLanguage":"en-US","potentialAction":[{"@type":"ReadAction","target":["https:\/\/ostgard.se\/en\/"]}]},{"@type":"BreadcrumbList","@id":"https:\/\/ostgard.se\/en\/#breadcrumb","itemListElement":[{"@type":"ListItem","position":1,"name":"Startseite","item":"https:\/\/ostgard.se\/en\/home\/"},{"@type":"ListItem","position":2,"name":"Home"}]},{"@type":"WebSite","@id":"https:\/\/ostgard.se\/en\/#website","url":"https:\/\/ostgard.se\/en\/","name":"Lakene Ostg\u00e5rd","description":"K\u00e4serei, Caf\u00e9 und G\u00e4stehaus","potentialAction":[{"@type":"SearchAction","target":{"@type":"EntryPoint","urlTemplate":"https:\/\/ostgard.se\/en\/?s={search_term_string}"},"query-input":{"@type":"PropertyValueSpecification","valueRequired":true,"valueName":"search_term_string"}}],"inLanguage":"en-US"}]}},"_links":{"self":[{"href":"https:\/\/ostgard.se\/en\/wp-json\/wp\/v2\/pages\/1033","targetHints":{"allow":["GET"]}}],"collection":[{"href":"https:\/\/ostgard.se\/en\/wp-json\/wp\/v2\/pages"}],"about":[{"href":"https:\/\/ostgard.se\/en\/wp-json\/wp\/v2\/types\/page"}],"author":[{"embeddable":true,"href":"https:\/\/ostgard.se\/en\/wp-json\/wp\/v2\/users\/1"}],"replies":[{"embeddable":true,"href":"https:\/\/ostgard.se\/en\/wp-json\/wp\/v2\/comments?post=1033"}],"version-history":[{"count":7,"href":"https:\/\/ostgard.se\/en\/wp-json\/wp\/v2\/pages\/1033\/revisions"}],"predecessor-version":[{"id":1318,"href":"https:\/\/ostgard.se\/en\/wp-json\/wp\/v2\/pages\/1033\/revisions\/1318"}],"wp:attachment":[{"href":"https:\/\/ostgard.se\/en\/wp-json\/wp\/v2\/media?parent=1033"}],"curies":[{"name":"wp","href":"https:\/\/api.w.org\/{rel}","templated":true}]}}