{"id":1049,"date":"2021-05-14T06:20:28","date_gmt":"2021-05-14T06:20:28","guid":{"rendered":"https:\/\/ostgard.se\/contact\/"},"modified":"2023-11-16T16:49:27","modified_gmt":"2023-11-16T16:49:27","slug":"contact","status":"publish","type":"page","link":"https:\/\/ostgard.se\/en\/contact\/","title":{"rendered":"Contact"},"content":{"rendered":"<p>[et_pb_section fb_built=&#8221;1&#8243; next_background_color=&#8221;#ffffff&#8221; admin_label=&#8221;Header&#8221; _builder_version=&#8221;4.16&#8243; background_enable_color=&#8221;off&#8221; background_image=&#8221;https:\/\/ostgard.se\/wp-content\/uploads\/2021\/05\/wald_weg_zentriert.jpg&#8221; background_position=&#8221;bottom_left&#8221; min_height=&#8221;40vh&#8221; custom_margin=&#8221;||||false&#8221; custom_padding=&#8221;6vw||6vw||true|false&#8221; bottom_divider_style=&#8221;curve&#8221; bottom_divider_height=&#8221;6vw&#8221; global_colors_info=&#8221;{}&#8221;][et_pb_row _builder_version=&#8221;4.16&#8243; _module_preset=&#8221;default&#8221; global_colors_info=&#8221;{}&#8221;][et_pb_column type=&#8221;4_4&#8243; _builder_version=&#8221;4.16&#8243; _module_preset=&#8221;default&#8221; global_colors_info=&#8221;{}&#8221;][et_pb_text _builder_version=&#8221;4.16&#8243; _module_preset=&#8221;default&#8221; text_font_size=&#8221;30px&#8221; header_font_size=&#8221;55px&#8221; custom_margin=&#8221;15vh||10vh||false|false&#8221; header_font_size_tablet=&#8221;&#8221; header_font_size_phone=&#8221;40px&#8221; header_font_size_last_edited=&#8221;on|phone&#8221; global_colors_info=&#8221;{}&#8221;]<\/p>\n<h1 style=\"text-align: center;\"><span style=\"color: #ffffff;\">Contact<\/span><\/h1>\n<p>[\/et_pb_text][\/et_pb_column][\/et_pb_row][\/et_pb_section][et_pb_section fb_built=&#8221;1&#8243; admin_label=&#8221;Features&#8221; _builder_version=&#8221;4.16&#8243; global_colors_info=&#8221;{}&#8221;][et_pb_row column_structure=&#8221;1_3,1_3,1_3&#8243; use_custom_gutter=&#8221;on&#8221; gutter_width=&#8221;2&#8243; _builder_version=&#8221;4.16&#8243; custom_margin=&#8221;20px||20px||true|false&#8221; custom_padding=&#8221;50px||50px||true|false&#8221; global_colors_info=&#8221;{}&#8221;][et_pb_column type=&#8221;1_3&#8243; _builder_version=&#8221;4.16&#8243; custom_padding=&#8221;|||&#8221; global_colors_info=&#8221;{}&#8221; custom_padding__hover=&#8221;|||&#8221;][et_pb_blurb title=&#8221;E-mail&#8221; use_icon=&#8221;on&#8221; font_icon=&#8221;&#xe076;||divi||400&#8243; icon_color=&#8221;#FFFFFF&#8221; image_icon_background_color=&#8221;#144C00&#8243; icon_placement=&#8221;left&#8221; image_icon_width=&#8221;16px&#8221; content_max_width=&#8221;300px&#8221; _builder_version=&#8221;4.16&#8243; header_level=&#8221;h5&#8243; header_font=&#8221;|700||on|||||&#8221; header_text_color=&#8221;#000000&#8243; header_font_size=&#8221;20px&#8221; header_letter_spacing=&#8221;1px&#8221; header_line_height=&#8221;2em&#8221; body_line_height=&#8221;1.6em&#8221; image_icon_custom_padding=&#8221;8px|8px|8px|8px|false|false&#8221; custom_padding=&#8221;|||&#8221; animation=&#8221;off&#8221; border_radii=&#8221;on|10px|10px|10px|10px&#8221; border_radii_image=&#8221;on|100%|100%|100%|100%&#8221; use_circle=&#8221;on&#8221; circle_color=&#8221;#144C00&#8243; locked=&#8221;off&#8221; global_colors_info=&#8221;{}&#8221; image_icon_background_color__sticky_enabled=&#8221;#2ea3f2&#8243; image_icon_background_color__sticky=&#8221;#2ea3f2&#8243;]<\/p>\n<p><a href=\"mailto:info@ostgard.se\">info@ostgard.se<\/a><br \/>booking@ostgard.se<\/p>\n<p>[\/et_pb_blurb][\/et_pb_column][et_pb_column type=&#8221;1_3&#8243; _builder_version=&#8221;4.16&#8243; custom_padding=&#8221;|||&#8221; global_colors_info=&#8221;{}&#8221; custom_padding__hover=&#8221;|||&#8221;][et_pb_blurb title=&#8221;Phone&#8221; use_icon=&#8221;on&#8221; font_icon=&#8221;&#xe090;||divi||400&#8243; icon_color=&#8221;#ffffff&#8221; image_icon_background_color=&#8221;#144C00&#8243; icon_placement=&#8221;left&#8221; image_icon_width=&#8221;16px&#8221; content_max_width=&#8221;300px&#8221; _builder_version=&#8221;4.16&#8243; header_level=&#8221;h5&#8243; header_font=&#8221;|700||on|||||&#8221; header_text_color=&#8221;#000000&#8243; header_font_size=&#8221;20px&#8221; header_letter_spacing=&#8221;1px&#8221; header_line_height=&#8221;2em&#8221; body_line_height=&#8221;1.6em&#8221; image_icon_custom_padding=&#8221;8px|8px|8px|8px|false|false&#8221; custom_padding=&#8221;|||&#8221; animation=&#8221;off&#8221; border_radii=&#8221;on|10px|10px|10px|10px&#8221; border_radii_image=&#8221;on|100%|100%|100%|100%&#8221; use_circle=&#8221;on&#8221; circle_color=&#8221;#144C00&#8243; locked=&#8221;off&#8221; global_colors_info=&#8221;{}&#8221; image_icon_background_color__sticky_enabled=&#8221;#2ea3f2&#8243; image_icon_background_color__sticky=&#8221;#2ea3f2&#8243;]<\/p>\n<p>0046-70-3641848<\/p>\n<p>[\/et_pb_blurb][\/et_pb_column][et_pb_column type=&#8221;1_3&#8243; _builder_version=&#8221;4.16&#8243; custom_padding=&#8221;|||&#8221; global_colors_info=&#8221;{}&#8221; custom_padding__hover=&#8221;|||&#8221;][et_pb_blurb title=&#8221;Address&#8221; use_icon=&#8221;on&#8221; font_icon=&#8221;&#xe081;||divi||400&#8243; icon_color=&#8221;#ffffff&#8221; image_icon_background_color=&#8221;#144C00&#8243; icon_placement=&#8221;left&#8221; image_icon_width=&#8221;16px&#8221; content_max_width=&#8221;300px&#8221; _builder_version=&#8221;4.16&#8243; header_level=&#8221;h5&#8243; header_font=&#8221;|700||on|||||&#8221; header_text_color=&#8221;#000000&#8243; header_font_size=&#8221;20px&#8221; header_letter_spacing=&#8221;1px&#8221; header_line_height=&#8221;2em&#8221; body_line_height=&#8221;1.6em&#8221; image_icon_custom_padding=&#8221;8px|8px|8px|8px|false|false&#8221; custom_padding=&#8221;|||&#8221; animation=&#8221;off&#8221; border_radii=&#8221;on|10px|10px|10px|10px&#8221; border_radii_image=&#8221;on|100%|100%|100%|100%&#8221; use_circle=&#8221;on&#8221; circle_color=&#8221;#144C00&#8243; locked=&#8221;off&#8221; global_colors_info=&#8221;{}&#8221; image_icon_background_color__sticky_enabled=&#8221;#2ea3f2&#8243; image_icon_background_color__sticky=&#8221;#2ea3f2&#8243;]<\/p>\n<p>Romis Cheesefarm AB Lakene Ostg\u00e5rd<br \/>Lakenestorp 3<br \/>683 94 Lakene<\/p>\n<p>[\/et_pb_blurb][\/et_pb_column][\/et_pb_row][et_pb_row column_structure=&#8221;1_2,1_2&#8243; _builder_version=&#8221;4.16&#8243; _module_preset=&#8221;default&#8221; width=&#8221;100%&#8221; max_width=&#8221;1500px&#8221; global_colors_info=&#8221;{}&#8221;][et_pb_column type=&#8221;1_2&#8243; _builder_version=&#8221;4.16&#8243; _module_preset=&#8221;default&#8221; global_colors_info=&#8221;{}&#8221;][et_pb_image src=&#8221;https:\/\/ostgard.se\/wp-content\/uploads\/2021\/05\/lakene_ostgard_location.png&#8221; title_text=&#8221;lakene_ostgard_location&#8221; url=&#8221;https:\/\/goo.gl\/maps\/hS5BoYEatHjwwSoTA&#8221; url_new_window=&#8221;on&#8221; _builder_version=&#8221;4.16&#8243; _module_preset=&#8221;default&#8221; min_height=&#8221;500px&#8221; global_colors_info=&#8221;{}&#8221;][\/et_pb_image][\/et_pb_column][et_pb_column type=&#8221;1_2&#8243; _builder_version=&#8221;4.16&#8243; _module_preset=&#8221;default&#8221; global_colors_info=&#8221;{}&#8221;][et_pb_text _builder_version=&#8221;4.17.1&#8243; text_font=&#8221;||||||||&#8221; text_line_height=&#8221;2em&#8221; header_font=&#8221;||||||||&#8221; header_3_font=&#8221;Merriweather|700|||||||&#8221; header_3_font_size=&#8221;30px&#8221; header_3_line_height=&#8221;1.6em&#8221; header_4_font=&#8221;Merriweather|700|||||||&#8221; header_4_text_color=&#8221;#15c39a&#8221; header_4_line_height=&#8221;1.8em&#8221; max_width=&#8221;500px&#8221; module_alignment=&#8221;center&#8221; header_3_font_size_tablet=&#8221;&#8221; header_3_font_size_phone=&#8221;16px&#8221; header_3_font_size_last_edited=&#8221;on|desktop&#8221; header_4_font_size_tablet=&#8221;&#8221; header_4_font_size_phone=&#8221;14px&#8221; header_4_font_size_last_edited=&#8221;on|phone&#8221; locked=&#8221;off&#8221; global_colors_info=&#8221;{}&#8221;]<\/p>\n<h3>Contact form<\/h3>\n<p>[\/et_pb_text][et_pb_code _builder_version=&#8221;4.23.1&#8243; _module_preset=&#8221;default&#8221; text_orientation=&#8221;left&#8221; custom_margin=&#8221;|||106px|false|false&#8221; hover_enabled=&#8221;0&#8243; global_colors_info=&#8221;{}&#8221; sticky_enabled=&#8221;0&#8243;]<p class=\"wpcf7-contact-form-not-found\"><strong>Error:<\/strong> Contact form not found.<\/p>[\/et_pb_code][\/et_pb_column][\/et_pb_row][\/et_pb_section]<\/p>\n","protected":false},"excerpt":{"rendered":"<p>Contactinfo@ostgard.sebooking@ostgard.se0046-70-3641848Romis Cheesefarm AB Lakene Ostg\u00e5rdLakenestorp 3683 94 LakeneContact form<p class=\"wpcf7-contact-form-not-found\"><strong>Error:<\/strong> Contact form not found.<\/p><\/p>\n","protected":false},"author":1,"featured_media":0,"parent":0,"menu_order":0,"comment_status":"closed","ping_status":"closed","template":"","meta":{"_et_pb_use_builder":"on","_et_pb_old_content":"","_et_gb_content_width":"","footnotes":""},"class_list":["post-1049","page","type-page","status-publish","hentry"],"yoast_head":"<!-- This site is optimized with the Yoast SEO plugin v27.5 - https:\/\/yoast.com\/product\/yoast-seo-wordpress\/ -->\n<title>Contact - Lakene Ostg\u00e5rd<\/title>\n<meta name=\"robots\" content=\"index, follow, max-snippet:-1, max-image-preview:large, max-video-preview:-1\" \/>\n<link rel=\"canonical\" href=\"https:\/\/ostgard.se\/en\/contact\/\" \/>\n<meta property=\"og:locale\" content=\"en_US\" \/>\n<meta property=\"og:type\" content=\"article\" \/>\n<meta property=\"og:title\" content=\"Contact - Lakene Ostg\u00e5rd\" \/>\n<meta property=\"og:description\" content=\"Contactinfo@ostgard.sebooking@ostgard.se0046-70-3641848Romis Cheesefarm AB Lakene Ostg\u00e5rdLakenestorp 3683 94 LakeneContact form\" \/>\n<meta property=\"og:url\" content=\"https:\/\/ostgard.se\/en\/contact\/\" \/>\n<meta property=\"og:site_name\" content=\"Lakene Ostg\u00e5rd\" \/>\n<meta property=\"article:modified_time\" content=\"2023-11-16T16:49:27+00:00\" \/>\n<meta name=\"twitter:card\" content=\"summary_large_image\" \/>\n<meta name=\"twitter:label1\" content=\"Est. reading time\" \/>\n\t<meta name=\"twitter:data1\" content=\"4 minutes\" \/>\n<script type=\"application\/ld+json\" class=\"yoast-schema-graph\">{\"@context\":\"https:\\\/\\\/schema.org\",\"@graph\":[{\"@type\":\"WebPage\",\"@id\":\"https:\\\/\\\/ostgard.se\\\/en\\\/contact\\\/\",\"url\":\"https:\\\/\\\/ostgard.se\\\/en\\\/contact\\\/\",\"name\":\"Contact - Lakene Ostg\u00e5rd\",\"isPartOf\":{\"@id\":\"https:\\\/\\\/ostgard.se\\\/en\\\/#website\"},\"datePublished\":\"2021-05-14T06:20:28+00:00\",\"dateModified\":\"2023-11-16T16:49:27+00:00\",\"breadcrumb\":{\"@id\":\"https:\\\/\\\/ostgard.se\\\/en\\\/contact\\\/#breadcrumb\"},\"inLanguage\":\"en-US\",\"potentialAction\":[{\"@type\":\"ReadAction\",\"target\":[\"https:\\\/\\\/ostgard.se\\\/en\\\/contact\\\/\"]}]},{\"@type\":\"BreadcrumbList\",\"@id\":\"https:\\\/\\\/ostgard.se\\\/en\\\/contact\\\/#breadcrumb\",\"itemListElement\":[{\"@type\":\"ListItem\",\"position\":1,\"name\":\"Startseite\",\"item\":\"https:\\\/\\\/ostgard.se\\\/en\\\/home\\\/\"},{\"@type\":\"ListItem\",\"position\":2,\"name\":\"Contact\"}]},{\"@type\":\"WebSite\",\"@id\":\"https:\\\/\\\/ostgard.se\\\/en\\\/#website\",\"url\":\"https:\\\/\\\/ostgard.se\\\/en\\\/\",\"name\":\"Lakene Ostg\u00e5rd\",\"description\":\"K\u00e4serei, Caf\u00e9 und G\u00e4stehaus\",\"potentialAction\":[{\"@type\":\"SearchAction\",\"target\":{\"@type\":\"EntryPoint\",\"urlTemplate\":\"https:\\\/\\\/ostgard.se\\\/en\\\/?s={search_term_string}\"},\"query-input\":{\"@type\":\"PropertyValueSpecification\",\"valueRequired\":true,\"valueName\":\"search_term_string\"}}],\"inLanguage\":\"en-US\"}]}<\/script>\n<!-- \/ Yoast SEO plugin. -->","yoast_head_json":{"title":"Contact - Lakene Ostg\u00e5rd","robots":{"index":"index","follow":"follow","max-snippet":"max-snippet:-1","max-image-preview":"max-image-preview:large","max-video-preview":"max-video-preview:-1"},"canonical":"https:\/\/ostgard.se\/en\/contact\/","og_locale":"en_US","og_type":"article","og_title":"Contact - Lakene Ostg\u00e5rd","og_description":"Contactinfo@ostgard.sebooking@ostgard.se0046-70-3641848Romis Cheesefarm AB Lakene Ostg\u00e5rdLakenestorp 3683 94 LakeneContact form","og_url":"https:\/\/ostgard.se\/en\/contact\/","og_site_name":"Lakene Ostg\u00e5rd","article_modified_time":"2023-11-16T16:49:27+00:00","twitter_card":"summary_large_image","twitter_misc":{"Est. reading time":"4 minutes"},"schema":{"@context":"https:\/\/schema.org","@graph":[{"@type":"WebPage","@id":"https:\/\/ostgard.se\/en\/contact\/","url":"https:\/\/ostgard.se\/en\/contact\/","name":"Contact - Lakene Ostg\u00e5rd","isPartOf":{"@id":"https:\/\/ostgard.se\/en\/#website"},"datePublished":"2021-05-14T06:20:28+00:00","dateModified":"2023-11-16T16:49:27+00:00","breadcrumb":{"@id":"https:\/\/ostgard.se\/en\/contact\/#breadcrumb"},"inLanguage":"en-US","potentialAction":[{"@type":"ReadAction","target":["https:\/\/ostgard.se\/en\/contact\/"]}]},{"@type":"BreadcrumbList","@id":"https:\/\/ostgard.se\/en\/contact\/#breadcrumb","itemListElement":[{"@type":"ListItem","position":1,"name":"Startseite","item":"https:\/\/ostgard.se\/en\/home\/"},{"@type":"ListItem","position":2,"name":"Contact"}]},{"@type":"WebSite","@id":"https:\/\/ostgard.se\/en\/#website","url":"https:\/\/ostgard.se\/en\/","name":"Lakene Ostg\u00e5rd","description":"K\u00e4serei, Caf\u00e9 und G\u00e4stehaus","potentialAction":[{"@type":"SearchAction","target":{"@type":"EntryPoint","urlTemplate":"https:\/\/ostgard.se\/en\/?s={search_term_string}"},"query-input":{"@type":"PropertyValueSpecification","valueRequired":true,"valueName":"search_term_string"}}],"inLanguage":"en-US"}]}},"_links":{"self":[{"href":"https:\/\/ostgard.se\/en\/wp-json\/wp\/v2\/pages\/1049","targetHints":{"allow":["GET"]}}],"collection":[{"href":"https:\/\/ostgard.se\/en\/wp-json\/wp\/v2\/pages"}],"about":[{"href":"https:\/\/ostgard.se\/en\/wp-json\/wp\/v2\/types\/page"}],"author":[{"embeddable":true,"href":"https:\/\/ostgard.se\/en\/wp-json\/wp\/v2\/users\/1"}],"replies":[{"embeddable":true,"href":"https:\/\/ostgard.se\/en\/wp-json\/wp\/v2\/comments?post=1049"}],"version-history":[{"count":3,"href":"https:\/\/ostgard.se\/en\/wp-json\/wp\/v2\/pages\/1049\/revisions"}],"predecessor-version":[{"id":1100,"href":"https:\/\/ostgard.se\/en\/wp-json\/wp\/v2\/pages\/1049\/revisions\/1100"}],"wp:attachment":[{"href":"https:\/\/ostgard.se\/en\/wp-json\/wp\/v2\/media?parent=1049"}],"curies":[{"name":"wp","href":"https:\/\/api.w.org\/{rel}","templated":true}]}}