{"id":1054,"date":"2021-05-13T16:55:24","date_gmt":"2021-05-13T16:55:24","guid":{"rendered":"https:\/\/ostgard.se\/about-us\/"},"modified":"2023-02-28T20:19:54","modified_gmt":"2023-02-28T20:19:54","slug":"about-us","status":"publish","type":"page","link":"https:\/\/ostgard.se\/en\/about-us\/","title":{"rendered":"About Us"},"content":{"rendered":"<p>[et_pb_section fb_built=&#8221;1&#8243; admin_label=&#8221;Header&#8221; _builder_version=&#8221;4.16&#8243; background_enable_color=&#8221;off&#8221; background_enable_image=&#8221;off&#8221; width=&#8221;100%&#8221; min_height=&#8221;50vh&#8221; custom_margin=&#8221;||||false&#8221; custom_padding=&#8221;6vw||6vw||true|false&#8221; bottom_divider_color=&#8221;#FFFFFF&#8221; bottom_divider_height=&#8221;22vw&#8221; bottom_divider_flip=&#8221;horizontal&#8221; global_colors_info=&#8221;{}&#8221;][et_pb_row column_structure=&#8221;1_2,1_2&#8243; _builder_version=&#8221;4.16&#8243; _module_preset=&#8221;default&#8221; global_colors_info=&#8221;{}&#8221;][et_pb_column type=&#8221;1_2&#8243; _builder_version=&#8221;4.16&#8243; _module_preset=&#8221;default&#8221; global_colors_info=&#8221;{}&#8221;][et_pb_image src=&#8221;https:\/\/ostgard.se\/wp-content\/uploads\/2022\/06\/20220529_141455-Colombo-Siroky_Bildgroesse-aendern.jpg&#8221; alt=&#8221;Picture of the whole family&#8221; title_text=&#8221;20220529_141455 Colombo Siroky_change image size&#8221; _builder_version=&#8221;4.17.4&#8243; _module_preset=&#8221;default&#8221; hover_enabled=&#8221;0&#8243; global_colors_info=&#8221;{}&#8221; sticky_enabled=&#8221;0&#8243;][\/et_pb_image][\/et_pb_column][et_pb_column type=&#8221;1_2&#8243; _builder_version=&#8221;4.16&#8243; _module_preset=&#8221;default&#8221; global_colors_info=&#8221;{}&#8221;][et_pb_text _builder_version=&#8221;4.16&#8243; _module_preset=&#8221;default&#8221; global_colors_info=&#8221;{}&#8221;]<\/p>\n<h1>About Us<\/h1>\n<p><span>We come from Switzerland and since June 2021 we call Lakene Ostg\u00e5rd our new home.<\/span><\/p>\n<p><span>It is difficult to say what made us decide to emigrate to Sweden.  <\/span><\/p>\n<p><span>I don&#8217;t think there is one main reason, it&#8217;s the sum total that made us take this step. Most likely, the desire for more nature, less hectic and pressure and probably also the desire to take on a new challenge. All this we have found here.  <\/span><\/p>\n<p><span>We are:  <\/span><\/p>\n<p><span>Mischa (trained forest engineer, handy hobby angler and mushroom picker). He loves craftsmanship, working in the background, tinkering and innovating, and of course, animals.<\/span><\/p>\n<p><span> <\/span><\/p>\n<p><span>Romana (trained kindergarten teacher, communicative, creative nature lover). She looks forward to contact with people, likes the creative and the cheerful, but also nature on solitary walks.<\/span><\/p>\n<p><span> <\/span><\/p>\n<p><span>Alma (student, musical, empathetic animal lover). She loves animals &#8211; big and small, enjoys farm life and nature.<\/span><\/p>\n<p><span> <\/span><\/p>\n<p><span>Luca (student, football loving hobby angler). He likes to be on the move, preferably with a ball or quad, and when he&#8217;s still, it&#8217;s more so he doesn&#8217;t scare the fish away when he&#8217;s fishing.<\/span><\/p>\n<p><span> <\/span><\/p>\n<p><span>Ria (dog, greeter and excellent sniffer). She thinks all visitors come exclusively because of her. We are happy to let her have this illusion.<\/span><\/p>\n<p><span> <\/span><\/p>\n<p>[\/et_pb_text][\/et_pb_column][\/et_pb_row][\/et_pb_section]<\/p>\n","protected":false},"excerpt":{"rendered":"<p>About Us We come from Switzerland and since June 2021 we call Lakene Ostg\u00e5rd our new home. It is difficult to say what made us decide to emigrate to Sweden. I don&#8217;t think there is one main reason, it&#8217;s the sum total that made us take this step. Most likely, the desire for more nature, [&hellip;]<\/p>\n","protected":false},"author":1,"featured_media":0,"parent":0,"menu_order":0,"comment_status":"closed","ping_status":"closed","template":"","meta":{"_et_pb_use_builder":"on","_et_pb_old_content":"","_et_gb_content_width":"","footnotes":""},"class_list":["post-1054","page","type-page","status-publish","hentry"],"yoast_head":"<!-- This site is optimized with the Yoast SEO plugin v27.6 - https:\/\/yoast.com\/product\/yoast-seo-wordpress\/ -->\n<title>About Us - Lakene Ostg\u00e5rd<\/title>\n<meta name=\"robots\" content=\"index, follow, max-snippet:-1, max-image-preview:large, max-video-preview:-1\" \/>\n<link rel=\"canonical\" href=\"https:\/\/ostgard.se\/en\/about-us\/\" \/>\n<meta property=\"og:locale\" content=\"en_US\" \/>\n<meta property=\"og:type\" content=\"article\" \/>\n<meta property=\"og:title\" content=\"About Us - Lakene Ostg\u00e5rd\" \/>\n<meta property=\"og:description\" content=\"About Us We come from Switzerland and since June 2021 we call Lakene Ostg\u00e5rd our new home. It is difficult to say what made us decide to emigrate to Sweden. I don&#039;t think there is one main reason, it&#039;s the sum total that made us take this step. Most likely, the desire for more nature, [&hellip;]\" \/>\n<meta property=\"og:url\" content=\"https:\/\/ostgard.se\/en\/about-us\/\" \/>\n<meta property=\"og:site_name\" content=\"Lakene Ostg\u00e5rd\" \/>\n<meta property=\"article:modified_time\" content=\"2023-02-28T20:19:54+00:00\" \/>\n<meta name=\"twitter:card\" content=\"summary_large_image\" \/>\n<meta name=\"twitter:label1\" content=\"Est. reading time\" \/>\n\t<meta name=\"twitter:data1\" content=\"2 minutes\" \/>\n<script type=\"application\/ld+json\" class=\"yoast-schema-graph\">{\"@context\":\"https:\\\/\\\/schema.org\",\"@graph\":[{\"@type\":\"WebPage\",\"@id\":\"https:\\\/\\\/ostgard.se\\\/en\\\/about-us\\\/\",\"url\":\"https:\\\/\\\/ostgard.se\\\/en\\\/about-us\\\/\",\"name\":\"About Us - Lakene Ostg\u00e5rd\",\"isPartOf\":{\"@id\":\"https:\\\/\\\/ostgard.se\\\/en\\\/#website\"},\"datePublished\":\"2021-05-13T16:55:24+00:00\",\"dateModified\":\"2023-02-28T20:19:54+00:00\",\"breadcrumb\":{\"@id\":\"https:\\\/\\\/ostgard.se\\\/en\\\/about-us\\\/#breadcrumb\"},\"inLanguage\":\"en-US\",\"potentialAction\":[{\"@type\":\"ReadAction\",\"target\":[\"https:\\\/\\\/ostgard.se\\\/en\\\/about-us\\\/\"]}]},{\"@type\":\"BreadcrumbList\",\"@id\":\"https:\\\/\\\/ostgard.se\\\/en\\\/about-us\\\/#breadcrumb\",\"itemListElement\":[{\"@type\":\"ListItem\",\"position\":1,\"name\":\"Startseite\",\"item\":\"https:\\\/\\\/ostgard.se\\\/en\\\/home\\\/\"},{\"@type\":\"ListItem\",\"position\":2,\"name\":\"About Us\"}]},{\"@type\":\"WebSite\",\"@id\":\"https:\\\/\\\/ostgard.se\\\/en\\\/#website\",\"url\":\"https:\\\/\\\/ostgard.se\\\/en\\\/\",\"name\":\"Lakene Ostg\u00e5rd\",\"description\":\"K\u00e4serei, Caf\u00e9 und G\u00e4stehaus\",\"potentialAction\":[{\"@type\":\"SearchAction\",\"target\":{\"@type\":\"EntryPoint\",\"urlTemplate\":\"https:\\\/\\\/ostgard.se\\\/en\\\/?s={search_term_string}\"},\"query-input\":{\"@type\":\"PropertyValueSpecification\",\"valueRequired\":true,\"valueName\":\"search_term_string\"}}],\"inLanguage\":\"en-US\"}]}<\/script>\n<!-- \/ Yoast SEO plugin. -->","yoast_head_json":{"title":"About Us - Lakene Ostg\u00e5rd","robots":{"index":"index","follow":"follow","max-snippet":"max-snippet:-1","max-image-preview":"max-image-preview:large","max-video-preview":"max-video-preview:-1"},"canonical":"https:\/\/ostgard.se\/en\/about-us\/","og_locale":"en_US","og_type":"article","og_title":"About Us - Lakene Ostg\u00e5rd","og_description":"About Us We come from Switzerland and since June 2021 we call Lakene Ostg\u00e5rd our new home. It is difficult to say what made us decide to emigrate to Sweden. I don't think there is one main reason, it's the sum total that made us take this step. Most likely, the desire for more nature, [&hellip;]","og_url":"https:\/\/ostgard.se\/en\/about-us\/","og_site_name":"Lakene Ostg\u00e5rd","article_modified_time":"2023-02-28T20:19:54+00:00","twitter_card":"summary_large_image","twitter_misc":{"Est. reading time":"2 minutes"},"schema":{"@context":"https:\/\/schema.org","@graph":[{"@type":"WebPage","@id":"https:\/\/ostgard.se\/en\/about-us\/","url":"https:\/\/ostgard.se\/en\/about-us\/","name":"About Us - Lakene Ostg\u00e5rd","isPartOf":{"@id":"https:\/\/ostgard.se\/en\/#website"},"datePublished":"2021-05-13T16:55:24+00:00","dateModified":"2023-02-28T20:19:54+00:00","breadcrumb":{"@id":"https:\/\/ostgard.se\/en\/about-us\/#breadcrumb"},"inLanguage":"en-US","potentialAction":[{"@type":"ReadAction","target":["https:\/\/ostgard.se\/en\/about-us\/"]}]},{"@type":"BreadcrumbList","@id":"https:\/\/ostgard.se\/en\/about-us\/#breadcrumb","itemListElement":[{"@type":"ListItem","position":1,"name":"Startseite","item":"https:\/\/ostgard.se\/en\/home\/"},{"@type":"ListItem","position":2,"name":"About Us"}]},{"@type":"WebSite","@id":"https:\/\/ostgard.se\/en\/#website","url":"https:\/\/ostgard.se\/en\/","name":"Lakene Ostg\u00e5rd","description":"K\u00e4serei, Caf\u00e9 und G\u00e4stehaus","potentialAction":[{"@type":"SearchAction","target":{"@type":"EntryPoint","urlTemplate":"https:\/\/ostgard.se\/en\/?s={search_term_string}"},"query-input":{"@type":"PropertyValueSpecification","valueRequired":true,"valueName":"search_term_string"}}],"inLanguage":"en-US"}]}},"_links":{"self":[{"href":"https:\/\/ostgard.se\/en\/wp-json\/wp\/v2\/pages\/1054","targetHints":{"allow":["GET"]}}],"collection":[{"href":"https:\/\/ostgard.se\/en\/wp-json\/wp\/v2\/pages"}],"about":[{"href":"https:\/\/ostgard.se\/en\/wp-json\/wp\/v2\/types\/page"}],"author":[{"embeddable":true,"href":"https:\/\/ostgard.se\/en\/wp-json\/wp\/v2\/users\/1"}],"replies":[{"embeddable":true,"href":"https:\/\/ostgard.se\/en\/wp-json\/wp\/v2\/comments?post=1054"}],"version-history":[{"count":2,"href":"https:\/\/ostgard.se\/en\/wp-json\/wp\/v2\/pages\/1054\/revisions"}],"predecessor-version":[{"id":1056,"href":"https:\/\/ostgard.se\/en\/wp-json\/wp\/v2\/pages\/1054\/revisions\/1056"}],"wp:attachment":[{"href":"https:\/\/ostgard.se\/en\/wp-json\/wp\/v2\/media?parent=1054"}],"curies":[{"name":"wp","href":"https:\/\/api.w.org\/{rel}","templated":true}]}}